{"id":835,"date":"2017-11-20T16:23:42","date_gmt":"2017-11-20T15:23:42","guid":{"rendered":"https:\/\/famzge.soziale-sicherheit-chss.ch\/find\/"},"modified":"2020-01-24T14:40:53","modified_gmt":"2020-01-24T13:40:53","slug":"banquededonnees","status":"publish","type":"page","link":"https:\/\/famzge.soziale-sicherheit-chss.ch\/fr\/banquededonnees\/","title":{"rendered":"Arr\u00eats des tribunaux en mati\u00e8re d&rsquo;allocations familiales"},"content":{"rendered":"<p>La banque de donn\u00e9es des arr\u00eats en mati\u00e8re d\u2019allocations familiales rassemble des d\u00e9cisions des tribunaux concernant la loi f\u00e9d\u00e9rale sur les allocations familiales (LAFam) et la loi f\u00e9d\u00e9rale sur les allocations familiales dans l\u2019agriculture (LFA). Elle contient une s\u00e9lection d\u2019arr\u00eats rendus \u00e0 partir de 2009 traitant de questions d\u2019importance.<\/p>\n<h2>Important :<\/h2>\n<ul>\n<li>S\u00e9lectionnez <span style=\"color: red;\">au moins un \u00e9l\u00e9ment<\/span> dans chaque rubrique.<\/li>\n<li>Il est possible de <span style=\"color: red;\">s\u00e9lectionner plusieurs \u00e9l\u00e9ments<\/span> dans les rubriques \u00ab Mots-cl\u00e9s \u00bb et \u00ab Base l\u00e9gale \u00bb.<\/li>\n<\/ul>\n<p>Cliquez ensuite sur \u00ab Recherche \u00bb ; les r\u00e9sultats appara\u00eetront sous la forme d\u2019une liste que vous pourrez aussi imprimer.<\/p>\n","protected":false},"excerpt":{"rendered":"<p>La banque de donn\u00e9es des arr\u00eats en mati\u00e8re d\u2019allocations familiales rassemble des d\u00e9cisions des tribunaux concernant la loi f\u00e9d\u00e9rale sur les allocations familiales (LAFam) et la loi f\u00e9d\u00e9rale sur les allocations familiales dans l\u2019agriculture (LFA). Elle contient une s\u00e9lection d\u2019arr\u00eats rendus \u00e0 partir de 2009 traitant de questions d\u2019importance. Important : S\u00e9lectionnez au moins un [&hellip;]<\/p>\n","protected":false},"author":6,"featured_media":0,"parent":0,"menu_order":0,"comment_status":"closed","ping_status":"closed","template":"find.php","meta":{"_acf_changed":false,"footnotes":""},"class_list":["post-835","page","type-page","status-publish","hentry"],"acf":[],"_links":{"self":[{"href":"https:\/\/famzge.soziale-sicherheit-chss.ch\/fr\/wp-json\/wp\/v2\/pages\/835","targetHints":{"allow":["GET"]}}],"collection":[{"href":"https:\/\/famzge.soziale-sicherheit-chss.ch\/fr\/wp-json\/wp\/v2\/pages"}],"about":[{"href":"https:\/\/famzge.soziale-sicherheit-chss.ch\/fr\/wp-json\/wp\/v2\/types\/page"}],"author":[{"embeddable":true,"href":"https:\/\/famzge.soziale-sicherheit-chss.ch\/fr\/wp-json\/wp\/v2\/users\/6"}],"replies":[{"embeddable":true,"href":"https:\/\/famzge.soziale-sicherheit-chss.ch\/fr\/wp-json\/wp\/v2\/comments?post=835"}],"version-history":[{"count":3,"href":"https:\/\/famzge.soziale-sicherheit-chss.ch\/fr\/wp-json\/wp\/v2\/pages\/835\/revisions"}],"predecessor-version":[{"id":1984,"href":"https:\/\/famzge.soziale-sicherheit-chss.ch\/fr\/wp-json\/wp\/v2\/pages\/835\/revisions\/1984"}],"wp:attachment":[{"href":"https:\/\/famzge.soziale-sicherheit-chss.ch\/fr\/wp-json\/wp\/v2\/media?parent=835"}],"curies":[{"name":"wp","href":"https:\/\/api.w.org\/{rel}","templated":true}]}}